{"id":132059,"date":"2024-05-28T03:35:49","date_gmt":"2024-05-28T03:35:49","guid":{"rendered":"http:\/\/5.9.14.175:9056\/?page_id=132059"},"modified":"2024-05-28T03:58:32","modified_gmt":"2024-05-28T03:58:32","slug":"topicos-y-orales","status":"publish","type":"page","link":"https:\/\/www.sudor.care\/index.php\/topicos-y-orales\/","title":{"rendered":"T\u00f3picos y orales"},"content":{"rendered":"<div class=\"wpb-content-wrapper\"><p>[vc_row unlock_row_content=\u00bbyes\u00bb row_height_percent=\u00bb100&#8243; override_padding=\u00bbyes\u00bb h_padding=\u00bb0&#8243; top_padding=\u00bb0&#8243; bottom_padding=\u00bb0&#8243; overlay_alpha=\u00bb50&#8243; equal_height=\u00bbyes\u00bb gutter_size=\u00bb3&#8243; column_width_percent=\u00bb100&#8243; shift_y=\u00bb0&#8243; z_index=\u00bb0&#8243; uncode_shortcode_id=\u00bb149310&#8243; back_color_type=\u00bbuncode-solid\u00bb back_color_solid=\u00bb#00a5c6&#8243;][vc_column column_width_percent=\u00bb100&#8243; gutter_size=\u00bb3&#8243; expand_height=\u00bbyes\u00bb style=\u00bbdark\u00bb overlay_alpha=\u00bb50&#8243; shift_x=\u00bb0&#8243; shift_y=\u00bb0&#8243; z_index=\u00bb0&#8243; medium_width=\u00bb0&#8243; width=\u00bb1\/1&#8243;][vc_row_inner row_inner_height_percent=\u00bb0&#8243; overlay_alpha=\u00bb50&#8243; equal_height=\u00bbyes\u00bb gutter_size=\u00bb0&#8243; shift_y=\u00bb0&#8243; limit_content=\u00bb\u00bb][vc_column_inner column_width_use_pixel=\u00bbyes\u00bb gutter_size=\u00bb3&#8243; expand_height=\u00bbyes\u00bb back_image=\u00bb132069&#8243; back_position=\u00bbright center\u00bb overlay_alpha=\u00bb50&#8243; shift_x=\u00bb0&#8243; shift_y=\u00bb0&#8243; shift_y_down=\u00bb0&#8243; z_index=\u00bb0&#8243; medium_width=\u00bb0&#8243; mobile_width=\u00bb0&#8243; width=\u00bb1\/2&#8243; mobile_height=\u00bb300&#8243; uncode_shortcode_id=\u00bb704527&#8243;][\/vc_column_inner][vc_column_inner column_width_percent=\u00bb65&#8243; position_vertical=\u00bbmiddle\u00bb gutter_size=\u00bb3&#8243; override_padding=\u00bbyes\u00bb column_padding=\u00bb3&#8243; style=\u00bbdark\u00bb font_family=\u00bbfont-136269&#8243; overlay_alpha=\u00bb50&#8243; shift_x=\u00bb0&#8243; shift_y=\u00bb0&#8243; shift_y_down=\u00bb0&#8243; z_index=\u00bb0&#8243; medium_width=\u00bb0&#8243; mobile_width=\u00bb0&#8243; width=\u00bb1\/2&#8243; uncode_shortcode_id=\u00bb202408&#8243;][vc_custom_heading heading_semantic=\u00bbh1&#8243; text_size=\u00bbfontsize-338686&#8243; text_align=\u00bbtext-left\u00bb uncode_shortcode_id=\u00bb158555&#8243;]<\/p>\n<h1 class=\"font-136269 h3 font-weight-500\"><strong>Soluciones t\u00f3picas,Cremas o Lociones<\/strong><\/h1>\n<p>[\/vc_custom_heading][vc_column_text text_lead=\u00bbyes\u00bb uncode_shortcode_id=\u00bb139640&#8243;]Existen varias soluciones t\u00f3picas que pueden ser utilizadas para controlar la hiperhidrosis (sudoraci\u00f3n excesiva) en diferentes partes del cuerpo, especialmente en \u00e1reas como las axilas, las manos y los pies. Aqu\u00ed te menciono algunas de las soluciones t\u00f3picas m\u00e1s comunes<\/p>\n<p><strong>Ingredientes:<\/strong> Pueden contener sustancias como el formaldeh\u00eddo, el glutaraldeh\u00eddo o el sulfato de aluminio y calcio.<\/p>\n<p><strong>Modo de Acci\u00f3n:<\/strong> Tienen propiedades astringentes que ayudan a contraer los poros de la piel, disminuyendo as\u00ed la producci\u00f3n de sudor.<\/p>\n<p><strong>Aplicaci\u00f3n:<\/strong> Se aplican en las \u00e1reas afectadas despu\u00e9s de la limpieza y secado de la piel.[\/vc_column_text][\/vc_column_inner][\/vc_row_inner][\/vc_column][\/vc_row]<\/p>\n<\/div>","protected":false},"excerpt":{"rendered":"<p>[vc_row unlock_row_content=\u00bbyes\u00bb row_height_percent=\u00bb100&#8243; override_padding=\u00bbyes\u00bb h_padding=\u00bb0&#8243; top_padding=\u00bb0&#8243; bottom_padding=\u00bb0&#8243; overlay_alpha=\u00bb50&#8243; equal_height=\u00bbyes\u00bb gutter_size=\u00bb3&#8243; column_width_percent=\u00bb100&#8243; shift_y=\u00bb0&#8243; z_index=\u00bb0&#8243; uncode_shortcode_id=\u00bb149310&#8243; back_color_type=\u00bbuncode-solid\u00bb back_color_solid=\u00bb#00a5c6&#8243;][vc_column column_width_percent=\u00bb100&#8243; gutter_size=\u00bb3&#8243; expand_height=\u00bbyes\u00bb style=\u00bbdark\u00bb [&hellip;]<\/p>\n","protected":false},"author":2,"featured_media":0,"parent":0,"menu_order":0,"comment_status":"closed","ping_status":"closed","template":"","meta":{"footnotes":""},"class_list":["post-132059","page","type-page","status-publish","hentry"],"_links":{"self":[{"href":"https:\/\/www.sudor.care\/index.php\/wp-json\/wp\/v2\/pages\/132059","targetHints":{"allow":["GET"]}}],"collection":[{"href":"https:\/\/www.sudor.care\/index.php\/wp-json\/wp\/v2\/pages"}],"about":[{"href":"https:\/\/www.sudor.care\/index.php\/wp-json\/wp\/v2\/types\/page"}],"author":[{"embeddable":true,"href":"https:\/\/www.sudor.care\/index.php\/wp-json\/wp\/v2\/users\/2"}],"replies":[{"embeddable":true,"href":"https:\/\/www.sudor.care\/index.php\/wp-json\/wp\/v2\/comments?post=132059"}],"version-history":[{"count":6,"href":"https:\/\/www.sudor.care\/index.php\/wp-json\/wp\/v2\/pages\/132059\/revisions"}],"predecessor-version":[{"id":132085,"href":"https:\/\/www.sudor.care\/index.php\/wp-json\/wp\/v2\/pages\/132059\/revisions\/132085"}],"wp:attachment":[{"href":"https:\/\/www.sudor.care\/index.php\/wp-json\/wp\/v2\/media?parent=132059"}],"curies":[{"name":"wp","href":"https:\/\/api.w.org\/{rel}","templated":true}]}}