{"id":57044,"date":"2017-05-05T12:19:47","date_gmt":"2017-05-05T10:19:47","guid":{"rendered":"https:\/\/undsgn.com\/uncode\/?page_id=57044"},"modified":"2024-05-28T03:58:46","modified_gmt":"2024-05-28T03:58:46","slug":"services-minimal","status":"publish","type":"page","link":"https:\/\/www.sudor.care\/index.php\/services-minimal\/","title":{"rendered":"MiraDry 2"},"content":{"rendered":"<div class=\"wpb-content-wrapper\"><p>[vc_row unlock_row_content=\u00bbyes\u00bb row_height_percent=\u00bb100&#8243; override_padding=\u00bbyes\u00bb h_padding=\u00bb0&#8243; top_padding=\u00bb0&#8243; bottom_padding=\u00bb0&#8243; overlay_alpha=\u00bb50&#8243; equal_height=\u00bbyes\u00bb gutter_size=\u00bb3&#8243; column_width_percent=\u00bb100&#8243; shift_y=\u00bb0&#8243; z_index=\u00bb0&#8243; uncode_shortcode_id=\u00bb350870&#8243; back_color_type=\u00bbuncode-solid\u00bb back_color_solid=\u00bb#0078af\u00bb][vc_column column_width_percent=\u00bb100&#8243; gutter_size=\u00bb3&#8243; expand_height=\u00bbyes\u00bb style=\u00bbdark\u00bb overlay_alpha=\u00bb50&#8243; shift_x=\u00bb0&#8243; shift_y=\u00bb0&#8243; z_index=\u00bb0&#8243; medium_width=\u00bb0&#8243; width=\u00bb1\/1&#8243;][vc_row_inner row_inner_height_percent=\u00bb0&#8243; overlay_alpha=\u00bb50&#8243; equal_height=\u00bbyes\u00bb gutter_size=\u00bb0&#8243; shift_y=\u00bb0&#8243; limit_content=\u00bb\u00bb][vc_column_inner column_width_use_pixel=\u00bbyes\u00bb gutter_size=\u00bb3&#8243; expand_height=\u00bbyes\u00bb back_image=\u00bb132044&#8243; back_position=\u00bbright center\u00bb overlay_alpha=\u00bb50&#8243; shift_x=\u00bb0&#8243; shift_y=\u00bb0&#8243; shift_y_down=\u00bb0&#8243; z_index=\u00bb0&#8243; medium_width=\u00bb0&#8243; mobile_width=\u00bb0&#8243; width=\u00bb1\/2&#8243; mobile_height=\u00bb300&#8243; uncode_shortcode_id=\u00bb196939&#8243;][\/vc_column_inner][vc_column_inner column_width_percent=\u00bb65&#8243; position_vertical=\u00bbmiddle\u00bb gutter_size=\u00bb3&#8243; override_padding=\u00bbyes\u00bb column_padding=\u00bb3&#8243; style=\u00bbdark\u00bb font_family=\u00bbfont-136269&#8243; overlay_alpha=\u00bb50&#8243; shift_x=\u00bb0&#8243; shift_y=\u00bb0&#8243; shift_y_down=\u00bb0&#8243; z_index=\u00bb0&#8243; medium_width=\u00bb0&#8243; mobile_width=\u00bb0&#8243; width=\u00bb1\/2&#8243; uncode_shortcode_id=\u00bb202408&#8243;][vc_custom_heading heading_semantic=\u00bbh1&#8243; text_size=\u00bbfontsize-338686&#8243; text_align=\u00bbtext-left\u00bb uncode_shortcode_id=\u00bb584762&#8243;]<\/p>\n<h1 class=\"font-136269 h3 font-weight-500\"><strong>MiraDry<\/strong><\/h1>\n<p>[\/vc_custom_heading][vc_column_text text_lead=\u00bbyes\u00bb uncode_shortcode_id=\u00bb226490&#8243;]<strong>Ubicaci\u00f3n:<\/strong> Se incluye en la secci\u00f3n de \u00abProcedimientos Avanzados\u00bb o \u00abTratamientos Innovadores\u00bb para la hiperhidrosis.<\/p>\n<p><strong>Descripci\u00f3n:<\/strong> Se menciona como un procedimiento no invasivo y altamente efectivo para tratar la hiperhidrosis en las axilas.<\/p>\n<p><strong>Modo de Acci\u00f3n:<\/strong> Utiliza energ\u00eda electromagn\u00e9tica controlada para eliminar permanentemente las gl\u00e1ndulas sudor\u00edparas en las axilas, lo que reduce significativamente la sudoraci\u00f3n excesiva en esta \u00e1rea.<\/p>\n<p><strong>Beneficios:<\/strong> Proporciona resultados duraderos y efectivos para el control de la hiperhidrosis axilar, con una recuperaci\u00f3n r\u00e1pida y m\u00ednimas molestias para el paciente.[\/vc_column_text][\/vc_column_inner][\/vc_row_inner][\/vc_column][\/vc_row]<\/p>\n<\/div>","protected":false},"excerpt":{"rendered":"<p>[vc_row unlock_row_content=\u00bbyes\u00bb row_height_percent=\u00bb100&#8243; override_padding=\u00bbyes\u00bb h_padding=\u00bb0&#8243; top_padding=\u00bb0&#8243; bottom_padding=\u00bb0&#8243; overlay_alpha=\u00bb50&#8243; equal_height=\u00bbyes\u00bb gutter_size=\u00bb3&#8243; column_width_percent=\u00bb100&#8243; shift_y=\u00bb0&#8243; z_index=\u00bb0&#8243; uncode_shortcode_id=\u00bb350870&#8243; back_color_type=\u00bbuncode-solid\u00bb back_color_solid=\u00bb#0078af\u00bb][vc_column column_width_percent=\u00bb100&#8243; gutter_size=\u00bb3&#8243; expand_height=\u00bbyes\u00bb style=\u00bbdark\u00bb [&hellip;]<\/p>\n","protected":false},"author":2,"featured_media":0,"parent":0,"menu_order":0,"comment_status":"closed","ping_status":"closed","template":"","meta":{"footnotes":""},"class_list":["post-57044","page","type-page","status-publish","hentry"],"_links":{"self":[{"href":"https:\/\/www.sudor.care\/index.php\/wp-json\/wp\/v2\/pages\/57044","targetHints":{"allow":["GET"]}}],"collection":[{"href":"https:\/\/www.sudor.care\/index.php\/wp-json\/wp\/v2\/pages"}],"about":[{"href":"https:\/\/www.sudor.care\/index.php\/wp-json\/wp\/v2\/types\/page"}],"author":[{"embeddable":true,"href":"https:\/\/www.sudor.care\/index.php\/wp-json\/wp\/v2\/users\/2"}],"replies":[{"embeddable":true,"href":"https:\/\/www.sudor.care\/index.php\/wp-json\/wp\/v2\/comments?post=57044"}],"version-history":[{"count":10,"href":"https:\/\/www.sudor.care\/index.php\/wp-json\/wp\/v2\/pages\/57044\/revisions"}],"predecessor-version":[{"id":132087,"href":"https:\/\/www.sudor.care\/index.php\/wp-json\/wp\/v2\/pages\/57044\/revisions\/132087"}],"wp:attachment":[{"href":"https:\/\/www.sudor.care\/index.php\/wp-json\/wp\/v2\/media?parent=57044"}],"curies":[{"name":"wp","href":"https:\/\/api.w.org\/{rel}","templated":true}]}}